{"id":32648,"date":"2021-06-15T16:25:50","date_gmt":"2021-06-15T19:25:50","guid":{"rendered":"https:\/\/localhost\/the7\/?page_id=32648"},"modified":"2026-02-18T11:59:43","modified_gmt":"2026-02-18T14:59:43","slug":"empreendimentos-flex","status":"publish","type":"page","link":"https:\/\/gattiengenharia.com.br\/site\/empreendimentos-flex\/","title":{"rendered":"Empreendimentos &#8211; Flex"},"content":{"rendered":"\t\t<div data-elementor-type=\"wp-page\" data-elementor-id=\"32648\" class=\"elementor elementor-32648\" data-elementor-post-type=\"page\">\n\t\t\t\t\t\t<section class=\"elementor-section elementor-top-section elementor-element elementor-element-8e3c0f0 elementor-section-boxed elementor-section-height-default elementor-section-height-default\" data-id=\"8e3c0f0\" data-element_type=\"section\" data-e-type=\"section\">\n\t\t\t\t\t\t<div class=\"elementor-container elementor-column-gap-wider\">\n\t\t\t\t\t<div class=\"elementor-column elementor-col-100 elementor-top-column elementor-element elementor-element-71558ef\" data-id=\"71558ef\" data-element_type=\"column\" data-e-type=\"column\">\n\t\t\t<div class=\"elementor-widget-wrap elementor-element-populated\">\n\t\t\t\t\t\t<div class=\"elementor-element elementor-element-745aad1 elementor-widget elementor-widget-heading\" data-id=\"745aad1\" data-element_type=\"widget\" data-e-type=\"widget\" data-widget_type=\"heading.default\">\n\t\t\t\t<div class=\"elementor-widget-container\">\n\t\t\t\t\t<h6 class=\"elementor-heading-title elementor-size-default\">Os empreendimentos<\/h6>\t\t\t\t<\/div>\n\t\t\t\t<\/div>\n\t\t\t\t<div class=\"elementor-element elementor-element-3859067 elementor-widget elementor-widget-heading\" data-id=\"3859067\" data-element_type=\"widget\" data-e-type=\"widget\" data-widget_type=\"heading.default\">\n\t\t\t\t<div class=\"elementor-widget-container\">\n\t\t\t\t\t<h2 class=\"elementor-heading-title elementor-size-default\">FLEX<\/h2>\t\t\t\t<\/div>\n\t\t\t\t<\/div>\n\t\t\t\t<div class=\"elementor-element elementor-element-d861012 preserve-img-ratio-cover elementor-widget elementor-widget-the7_elements\" data-id=\"d861012\" data-element_type=\"widget\" data-e-type=\"widget\" data-widget_type=\"the7_elements.default\">\n\t\t\t\t<div class=\"elementor-widget-container\">\n\t\t\t\t\t<div class=\"portfolio-shortcode the7-elementor-widget the7_elements-d861012 mode-grid dt-css-grid-wrap classic-layout-list description-under-image quick-scale-img meta-info-off content-bg-on enable-bg-rollover resize-by-browser-width loading-effect-fall-perspective jquery-filter\" data-padding=\"30px\" data-mobile-columns-num=\"1\" data-tablet-columns-num=\"2\" data-desktop-columns-num=\"3\" data-wide-desktop-columns-num=\"3\" data-post-limit=\"12\" data-pagination-mode=\"load-more\" data-scroll-offset=\"\" aria-live=\"assertive\"><div class=\"dt-css-grid custom-pagination-handler\"><div class=\"visible wf-cell\" data-post-id=\"35420\" data-date=\"2026-02-18T11:58:07-03:00\" data-name=\"Gatti Flex II\"><article class=\"post visible post-35420 dt_portfolio type-dt_portfolio status-publish has-post-thumbnail hentry dt_portfolio_category-flex\" data-name=\"Gatti Flex II\" data-date=\"2026-02-18T11:58:07-03:00\">\n\n\t<div class=\"post-thumbnail-wrap\">\n\t\t<div class=\"post-thumbnail\">\n\n\t\t\t<a class=\"post-thumbnail-rollover layzr-bg img-css-resize-wrapper\" aria-label=\"Post image\" href=\"https:\/\/gattiengenharia.com.br\/site\/project\/gatti-flex-ii\/\"><img fetchpriority=\"high\" decoding=\"async\" width=\"1503\" height=\"638\" src=\"data:image\/svg+xml,%3Csvg%20xmlns%3D&#039;http%3A%2F%2Fwww.w3.org%2F2000%2Fsvg&#039;%20viewBox%3D&#039;0%200%201503%20638&#039;%2F%3E\" class=\"attachment-full size-full preload-me aspect lazy lazy-load\" alt=\"\" sizes=\"(max-width: 1200px) 100vw, 1200px\" data-attachment-id=\"35438\" data-permalink=\"https:\/\/gattiengenharia.com.br\/site\/gatti_flex_2_foto1\/\" data-orig-file=\"https:\/\/gattiengenharia.com.br\/site\/wp-content\/uploads\/2026\/02\/gatti_flex_2_foto1.jpeg\" data-orig-size=\"1503,638\" data-comments-opened=\"1\" data-image-meta=\"{&quot;aperture&quot;:&quot;0&quot;,&quot;credit&quot;:&quot;&quot;,&quot;camera&quot;:&quot;&quot;,&quot;caption&quot;:&quot;&quot;,&quot;created_timestamp&quot;:&quot;0&quot;,&quot;copyright&quot;:&quot;&quot;,&quot;focal_length&quot;:&quot;0&quot;,&quot;iso&quot;:&quot;0&quot;,&quot;shutter_speed&quot;:&quot;0&quot;,&quot;title&quot;:&quot;&quot;,&quot;orientation&quot;:&quot;0&quot;}\" data-image-title=\"gatti_flex_2_foto1\" data-image-description=\"\" data-image-caption=\"&lt;p&gt;Gatti Flex II&lt;\/p&gt;\n\" data-medium-file=\"https:\/\/gattiengenharia.com.br\/site\/wp-content\/uploads\/2026\/02\/gatti_flex_2_foto1-300x127.jpeg\" data-large-file=\"https:\/\/gattiengenharia.com.br\/site\/wp-content\/uploads\/2026\/02\/gatti_flex_2_foto1-1024x435.jpeg\" style=\"--ratio: 1503 \/ 638;\" data-src=\"https:\/\/gattiengenharia.com.br\/site\/wp-content\/uploads\/2026\/02\/gatti_flex_2_foto1.jpeg\" loading=\"eager\" data-srcset=\"https:\/\/i0.wp.com\/gattiengenharia.com.br\/site\/wp-content\/uploads\/2026\/02\/gatti_flex_2_foto1.jpeg?w=1503&amp;ssl=1 1503w, https:\/\/i0.wp.com\/gattiengenharia.com.br\/site\/wp-content\/uploads\/2026\/02\/gatti_flex_2_foto1.jpeg?resize=300%2C127&amp;ssl=1 300w, https:\/\/i0.wp.com\/gattiengenharia.com.br\/site\/wp-content\/uploads\/2026\/02\/gatti_flex_2_foto1.jpeg?resize=1024%2C435&amp;ssl=1 1024w, https:\/\/i0.wp.com\/gattiengenharia.com.br\/site\/wp-content\/uploads\/2026\/02\/gatti_flex_2_foto1.jpeg?resize=768%2C326&amp;ssl=1 768w\" \/><span class=\"the7-hover-icon\"><i aria-hidden=\"true\" class=\" icomoon-the7-font-the7-plus-02\"><\/i><\/span><\/a>\n\t\t<\/div>\n\t<\/div>\n\n\n<div class=\"post-entry-content\">\n\n\t<h4 class=\"ele-entry-title\"><a href=\"https:\/\/gattiengenharia.com.br\/site\/project\/gatti-flex-ii\/\" rel=\"bookmark\" title=\"Gatti Flex II\">Gatti Flex II<\/a><\/h4><a href=\"https:\/\/gattiengenharia.com.br\/site\/project\/gatti-flex-ii\/\" target=\"\" aria-label=\"Bot\u00e3o &quot;Leia mais&quot; Gatti Flex II\" class=\"box-button elementor-button elementor-size-lg\">Conhe\u00e7a o projeto<i aria-hidden=\"true\" class=\"elementor-button-icon fas fa-angle-right\"><\/i><\/a>\n<\/div><\/article><\/div><div class=\"visible wf-cell\" data-post-id=\"33469\" data-date=\"2021-06-28T16:06:19-03:00\" data-name=\"Gatti Flex\"><article class=\"post visible post-33469 dt_portfolio type-dt_portfolio status-publish has-post-thumbnail hentry dt_portfolio_category-flex\" data-name=\"Gatti Flex\" data-date=\"2021-06-28T16:06:19-03:00\">\n\n\t<div class=\"post-thumbnail-wrap\">\n\t\t<div class=\"post-thumbnail\">\n\n\t\t\t<a class=\"post-thumbnail-rollover layzr-bg img-css-resize-wrapper\" aria-label=\"Post image\" href=\"https:\/\/gattiengenharia.com.br\/site\/project\/galpoes-gatti-flex-contagem\/\"><img decoding=\"async\" width=\"1280\" height=\"720\" src=\"data:image\/svg+xml,%3Csvg%20xmlns%3D&#039;http%3A%2F%2Fwww.w3.org%2F2000%2Fsvg&#039;%20viewBox%3D&#039;0%200%201280%20720&#039;%2F%3E\" class=\"attachment-full size-full preload-me aspect lazy lazy-load\" alt=\"Apresentar os galp\u00f5es Flex\" sizes=\"(max-width: 1200px) 100vw, 1200px\" data-attachment-id=\"34122\" data-permalink=\"https:\/\/gattiengenharia.com.br\/site\/project\/galpoes-gatti-flex-contagem\/flex\/\" data-orig-file=\"https:\/\/gattiengenharia.com.br\/site\/wp-content\/uploads\/2021\/06\/flex.jpeg\" data-orig-size=\"1280,720\" data-comments-opened=\"1\" data-image-meta=\"{&quot;aperture&quot;:&quot;0&quot;,&quot;credit&quot;:&quot;&quot;,&quot;camera&quot;:&quot;&quot;,&quot;caption&quot;:&quot;&quot;,&quot;created_timestamp&quot;:&quot;0&quot;,&quot;copyright&quot;:&quot;&quot;,&quot;focal_length&quot;:&quot;0&quot;,&quot;iso&quot;:&quot;0&quot;,&quot;shutter_speed&quot;:&quot;0&quot;,&quot;title&quot;:&quot;&quot;,&quot;orientation&quot;:&quot;0&quot;}\" data-image-title=\"flex\" data-image-description=\"&lt;p&gt;Galp\u00f5es Gatti Flex em Contagem&lt;\/p&gt;\n\" data-image-caption=\"&lt;p&gt;Galp\u00f5es Gatti Flex&lt;\/p&gt;\n\" data-medium-file=\"https:\/\/gattiengenharia.com.br\/site\/wp-content\/uploads\/2021\/06\/flex-300x169.jpeg\" data-large-file=\"https:\/\/gattiengenharia.com.br\/site\/wp-content\/uploads\/2021\/06\/flex-1024x576.jpeg\" style=\"--ratio: 1280 \/ 720;\" data-src=\"https:\/\/gattiengenharia.com.br\/site\/wp-content\/uploads\/2021\/06\/flex.jpeg\" loading=\"eager\" data-srcset=\"https:\/\/i0.wp.com\/gattiengenharia.com.br\/site\/wp-content\/uploads\/2021\/06\/flex.jpeg?w=1280&amp;ssl=1 1280w, https:\/\/i0.wp.com\/gattiengenharia.com.br\/site\/wp-content\/uploads\/2021\/06\/flex.jpeg?resize=300%2C169&amp;ssl=1 300w, https:\/\/i0.wp.com\/gattiengenharia.com.br\/site\/wp-content\/uploads\/2021\/06\/flex.jpeg?resize=1024%2C576&amp;ssl=1 1024w, https:\/\/i0.wp.com\/gattiengenharia.com.br\/site\/wp-content\/uploads\/2021\/06\/flex.jpeg?resize=768%2C432&amp;ssl=1 768w\" \/><span class=\"the7-hover-icon\"><i aria-hidden=\"true\" class=\" icomoon-the7-font-the7-plus-02\"><\/i><\/span><\/a>\n\t\t<\/div>\n\t<\/div>\n\n\n<div class=\"post-entry-content\">\n\n\t<h4 class=\"ele-entry-title\"><a href=\"https:\/\/gattiengenharia.com.br\/site\/project\/galpoes-gatti-flex-contagem\/\" rel=\"bookmark\" title=\"Gatti Flex\">Gatti Flex<\/a><\/h4><a href=\"https:\/\/gattiengenharia.com.br\/site\/project\/galpoes-gatti-flex-contagem\/\" target=\"\" aria-label=\"Bot\u00e3o &quot;Leia mais&quot; Gatti Flex\" class=\"box-button elementor-button elementor-size-lg\">Conhe\u00e7a o projeto<i aria-hidden=\"true\" class=\"elementor-button-icon fas fa-angle-right\"><\/i><\/a>\n<\/div><\/article><\/div><div class=\"visible wf-cell\" data-post-id=\"33467\" data-date=\"2021-06-28T16:05:36-03:00\" data-name=\"Mondovi Flex\"><article class=\"post visible post-33467 dt_portfolio type-dt_portfolio status-publish has-post-thumbnail hentry dt_portfolio_category-flex\" data-name=\"Mondovi Flex\" data-date=\"2021-06-28T16:05:36-03:00\">\n\n\t<div class=\"post-thumbnail-wrap\">\n\t\t<div class=\"post-thumbnail\">\n\n\t\t\t<a class=\"post-thumbnail-rollover layzr-bg img-css-resize-wrapper\" aria-label=\"Post image\" href=\"https:\/\/gattiengenharia.com.br\/site\/project\/galpoes-mondovi-flex-betim\/\"><img decoding=\"async\" width=\"1531\" height=\"860\" src=\"data:image\/svg+xml,%3Csvg%20xmlns%3D&#039;http%3A%2F%2Fwww.w3.org%2F2000%2Fsvg&#039;%20viewBox%3D&#039;0%200%201531%20860&#039;%2F%3E\" class=\"attachment-full size-full preload-me aspect lazy lazy-load\" alt=\"Apresentar os galp\u00f5es MONDOVI Flex\" sizes=\"(max-width: 1200px) 100vw, 1200px\" data-attachment-id=\"34874\" data-permalink=\"https:\/\/gattiengenharia.com.br\/site\/gatti-flex-4\/\" data-orig-file=\"https:\/\/gattiengenharia.com.br\/site\/wp-content\/uploads\/2022\/08\/GATTI-flex-4.webp\" data-orig-size=\"1531,860\" data-comments-opened=\"1\" data-image-meta=\"{&quot;aperture&quot;:&quot;0&quot;,&quot;credit&quot;:&quot;&quot;,&quot;camera&quot;:&quot;&quot;,&quot;caption&quot;:&quot;&quot;,&quot;created_timestamp&quot;:&quot;0&quot;,&quot;copyright&quot;:&quot;&quot;,&quot;focal_length&quot;:&quot;0&quot;,&quot;iso&quot;:&quot;0&quot;,&quot;shutter_speed&quot;:&quot;0&quot;,&quot;title&quot;:&quot;&quot;,&quot;orientation&quot;:&quot;0&quot;}\" data-image-title=\"Galp\u00e3o MONDOVI Flex\" data-image-description=\"&lt;p&gt;Aluguel dos galp\u00f5es MONDOVI Flex em Betim, destinados \u00e0 armazenagem, transporte, log\u00edstica e atividades industriais&lt;\/p&gt;\n\" data-image-caption=\"&lt;p&gt;Aluguel dos galp\u00f5es MONDOVI Flex em Betim, destinados \u00e0 armazenagem, transporte, log\u00edstica e atividades industriais&lt;\/p&gt;\n\" data-medium-file=\"https:\/\/gattiengenharia.com.br\/site\/wp-content\/uploads\/2022\/08\/GATTI-flex-4-300x169.webp\" data-large-file=\"https:\/\/gattiengenharia.com.br\/site\/wp-content\/uploads\/2022\/08\/GATTI-flex-4-1024x575.webp\" style=\"--ratio: 1531 \/ 860;\" data-src=\"https:\/\/gattiengenharia.com.br\/site\/wp-content\/uploads\/2022\/08\/GATTI-flex-4.webp\" loading=\"eager\" data-srcset=\"https:\/\/i0.wp.com\/gattiengenharia.com.br\/site\/wp-content\/uploads\/2022\/08\/GATTI-flex-4.webp?w=1531&amp;ssl=1 1531w, https:\/\/i0.wp.com\/gattiengenharia.com.br\/site\/wp-content\/uploads\/2022\/08\/GATTI-flex-4.webp?resize=300%2C169&amp;ssl=1 300w, https:\/\/i0.wp.com\/gattiengenharia.com.br\/site\/wp-content\/uploads\/2022\/08\/GATTI-flex-4.webp?resize=1024%2C575&amp;ssl=1 1024w, https:\/\/i0.wp.com\/gattiengenharia.com.br\/site\/wp-content\/uploads\/2022\/08\/GATTI-flex-4.webp?resize=768%2C431&amp;ssl=1 768w\" \/><span class=\"the7-hover-icon\"><i aria-hidden=\"true\" class=\" icomoon-the7-font-the7-plus-02\"><\/i><\/span><\/a>\n\t\t<\/div>\n\t<\/div>\n\n\n<div class=\"post-entry-content\">\n\n\t<h4 class=\"ele-entry-title\"><a href=\"https:\/\/gattiengenharia.com.br\/site\/project\/galpoes-mondovi-flex-betim\/\" rel=\"bookmark\" title=\"Mondovi Flex\">Mondovi Flex<\/a><\/h4><a href=\"https:\/\/gattiengenharia.com.br\/site\/project\/galpoes-mondovi-flex-betim\/\" target=\"\" aria-label=\"Bot\u00e3o &quot;Leia mais&quot; Mondovi Flex\" class=\"box-button elementor-button elementor-size-lg\">Conhe\u00e7a o projeto<i aria-hidden=\"true\" class=\"elementor-button-icon fas fa-angle-right\"><\/i><\/a>\n<\/div><\/article><\/div><\/div><!-- iso-container|iso-grid --><div class=\"paginator filter-decorations paginator-more-button filter-pointer-background\">\n\t\t\t\t<a class=\"button-load-more highlighted filter-item\" href=\"javascript:void(0);\" data-dt-page=\"1\" ><span class=\"button-caption\">More projects...<\/span><\/a>\n\t\t\t<\/div><\/div>\t\t\t\t<\/div>\n\t\t\t\t<\/div>\n\t\t\t\t<div class=\"elementor-element elementor-element-88ec2eb elementor-align-center elementor-widget elementor-widget-button\" data-id=\"88ec2eb\" data-element_type=\"widget\" data-e-type=\"widget\" data-widget_type=\"button.default\">\n\t\t\t\t<div class=\"elementor-widget-container\">\n\t\t\t\t\t\t\t\t\t<div class=\"elementor-button-wrapper\">\n\t\t\t\t\t<a class=\"elementor-button elementor-button-link elementor-size-xl\" href=\"https:\/\/gattiengenharia.com.br\/site\/outros-empreendimentos-desenvolvidos\/\">\n\t\t\t\t\t\t<span class=\"elementor-button-content-wrapper\">\n\t\t\t\t\t\t<span class=\"elementor-button-icon\">\n\t\t\t\t<i aria-hidden=\"true\" class=\"far fa-map\"><\/i>\t\t\t<\/span>\n\t\t\t\t\t\t\t\t\t<span class=\"elementor-button-text\">Empreendimento Desinvestidos<\/span>\n\t\t\t\t\t<\/span>\n\t\t\t\t\t<\/a>\n\t\t\t\t<\/div>\n\t\t\t\t\t\t\t\t<\/div>\n\t\t\t\t<\/div>\n\t\t\t\t\t<\/div>\n\t\t<\/div>\n\t\t\t\t\t<\/div>\n\t\t<\/section>\n\t\t\t\t<\/div>\n\t\t","protected":false},"excerpt":{"rendered":"<p>Os empreendimentos FLEX Gatti Flex II Conhe\u00e7a o projeto Gatti Flex Conhe\u00e7a o projeto Mondovi Flex Conhe\u00e7a o projeto More projects&#8230; Empreendimento Desinvestidos<\/p>\n","protected":false},"author":1,"featured_media":0,"parent":0,"menu_order":10,"comment_status":"closed","ping_status":"closed","template":"elementor_header_footer","meta":{"footnotes":""},"class_list":["post-32648","page","type-page","status-publish","hentry"],"yoast_head":"<!-- This site is optimized with the Yoast SEO plugin v27.2 - https:\/\/yoast.com\/product\/yoast-seo-wordpress\/ -->\n<title>Empreendimentos - Flex &#187; Gatti Engenharia<\/title>\n<meta name=\"description\" content=\"Especialista em condom\u00ednios e galp\u00f5es log\u00edsticos, industriais e comerciais.\" \/>\n<meta name=\"robots\" content=\"index, follow, max-snippet:-1, max-image-preview:large, max-video-preview:-1\" \/>\n<link rel=\"canonical\" href=\"https:\/\/gattiengenharia.com.br\/site\/empreendimentos-flex\/\" \/>\n<meta property=\"og:locale\" content=\"pt_BR\" \/>\n<meta property=\"og:type\" content=\"article\" \/>\n<meta property=\"og:title\" content=\"Empreendimentos - Flex &#187; Gatti Engenharia\" \/>\n<meta property=\"og:description\" content=\"Especialista em condom\u00ednios e galp\u00f5es log\u00edsticos, industriais e comerciais.\" \/>\n<meta property=\"og:url\" content=\"https:\/\/gattiengenharia.com.br\/site\/empreendimentos-flex\/\" \/>\n<meta property=\"og:site_name\" content=\"Gatti Engenharia\" \/>\n<meta property=\"article:modified_time\" content=\"2026-02-18T14:59:43+00:00\" \/>\n<meta name=\"twitter:card\" content=\"summary_large_image\" \/>\n<meta name=\"twitter:label1\" content=\"Est. tempo de leitura\" \/>\n\t<meta name=\"twitter:data1\" content=\"1 minuto\" \/>\n<script type=\"application\/ld+json\" class=\"yoast-schema-graph\">{\"@context\":\"https:\/\/schema.org\",\"@graph\":[{\"@type\":\"WebPage\",\"@id\":\"https:\/\/gattiengenharia.com.br\/site\/empreendimentos-flex\/\",\"url\":\"https:\/\/gattiengenharia.com.br\/site\/empreendimentos-flex\/\",\"name\":\"Empreendimentos - Flex &#187; Gatti Engenharia\",\"isPartOf\":{\"@id\":\"https:\/\/gattiengenharia.com.br\/site\/#website\"},\"datePublished\":\"2021-06-15T19:25:50+00:00\",\"dateModified\":\"2026-02-18T14:59:43+00:00\",\"description\":\"Especialista em condom\u00ednios e galp\u00f5es log\u00edsticos, industriais e comerciais.\",\"breadcrumb\":{\"@id\":\"https:\/\/gattiengenharia.com.br\/site\/empreendimentos-flex\/#breadcrumb\"},\"inLanguage\":\"pt-BR\",\"potentialAction\":[{\"@type\":\"ReadAction\",\"target\":[\"https:\/\/gattiengenharia.com.br\/site\/empreendimentos-flex\/\"]}]},{\"@type\":\"BreadcrumbList\",\"@id\":\"https:\/\/gattiengenharia.com.br\/site\/empreendimentos-flex\/#breadcrumb\",\"itemListElement\":[{\"@type\":\"ListItem\",\"position\":1,\"name\":\"In\u00edcio\",\"item\":\"https:\/\/gattiengenharia.com.br\/site\/\"},{\"@type\":\"ListItem\",\"position\":2,\"name\":\"Empreendimentos &#8211; Flex\"}]},{\"@type\":\"WebSite\",\"@id\":\"https:\/\/gattiengenharia.com.br\/site\/#website\",\"url\":\"https:\/\/gattiengenharia.com.br\/site\/\",\"name\":\"Gatti Engenharia\",\"description\":\"INCORPORA\u00c7\u00c3O | GEST\u00c3O | CONSTRU\u00c7\u00c3O - Especialista em condom\u00ednios e galp\u00f5es log\u00edsticos, industriais e comerciais.\",\"publisher\":{\"@id\":\"https:\/\/gattiengenharia.com.br\/site\/#organization\"},\"potentialAction\":[{\"@type\":\"SearchAction\",\"target\":{\"@type\":\"EntryPoint\",\"urlTemplate\":\"https:\/\/gattiengenharia.com.br\/site\/?s={search_term_string}\"},\"query-input\":{\"@type\":\"PropertyValueSpecification\",\"valueRequired\":true,\"valueName\":\"search_term_string\"}}],\"inLanguage\":\"pt-BR\"},{\"@type\":\"Organization\",\"@id\":\"https:\/\/gattiengenharia.com.br\/site\/#organization\",\"name\":\"Gatti Engenharia\",\"url\":\"https:\/\/gattiengenharia.com.br\/site\/\",\"logo\":{\"@type\":\"ImageObject\",\"inLanguage\":\"pt-BR\",\"@id\":\"https:\/\/gattiengenharia.com.br\/site\/#\/schema\/logo\/image\/\",\"url\":\"https:\/\/gattiengenharia.com.br\/site\/wp-content\/uploads\/2021\/06\/logo_gatti-300x117-1.png\",\"contentUrl\":\"https:\/\/gattiengenharia.com.br\/site\/wp-content\/uploads\/2021\/06\/logo_gatti-300x117-1.png\",\"width\":300,\"height\":117,\"caption\":\"Gatti Engenharia\"},\"image\":{\"@id\":\"https:\/\/gattiengenharia.com.br\/site\/#\/schema\/logo\/image\/\"},\"sameAs\":[\"https:\/\/www.instagram.com\/gatti.engenharia\/\",\"https:\/\/www.linkedin.com\/company\/gatti-engenharia\/\"]}]}<\/script>\n<!-- \/ Yoast SEO plugin. -->","yoast_head_json":{"title":"Empreendimentos - Flex &#187; Gatti Engenharia","description":"Especialista em condom\u00ednios e galp\u00f5es log\u00edsticos, industriais e comerciais.","robots":{"index":"index","follow":"follow","max-snippet":"max-snippet:-1","max-image-preview":"max-image-preview:large","max-video-preview":"max-video-preview:-1"},"canonical":"https:\/\/gattiengenharia.com.br\/site\/empreendimentos-flex\/","og_locale":"pt_BR","og_type":"article","og_title":"Empreendimentos - Flex &#187; Gatti Engenharia","og_description":"Especialista em condom\u00ednios e galp\u00f5es log\u00edsticos, industriais e comerciais.","og_url":"https:\/\/gattiengenharia.com.br\/site\/empreendimentos-flex\/","og_site_name":"Gatti Engenharia","article_modified_time":"2026-02-18T14:59:43+00:00","twitter_card":"summary_large_image","twitter_misc":{"Est. tempo de leitura":"1 minuto"},"schema":{"@context":"https:\/\/schema.org","@graph":[{"@type":"WebPage","@id":"https:\/\/gattiengenharia.com.br\/site\/empreendimentos-flex\/","url":"https:\/\/gattiengenharia.com.br\/site\/empreendimentos-flex\/","name":"Empreendimentos - Flex &#187; Gatti Engenharia","isPartOf":{"@id":"https:\/\/gattiengenharia.com.br\/site\/#website"},"datePublished":"2021-06-15T19:25:50+00:00","dateModified":"2026-02-18T14:59:43+00:00","description":"Especialista em condom\u00ednios e galp\u00f5es log\u00edsticos, industriais e comerciais.","breadcrumb":{"@id":"https:\/\/gattiengenharia.com.br\/site\/empreendimentos-flex\/#breadcrumb"},"inLanguage":"pt-BR","potentialAction":[{"@type":"ReadAction","target":["https:\/\/gattiengenharia.com.br\/site\/empreendimentos-flex\/"]}]},{"@type":"BreadcrumbList","@id":"https:\/\/gattiengenharia.com.br\/site\/empreendimentos-flex\/#breadcrumb","itemListElement":[{"@type":"ListItem","position":1,"name":"In\u00edcio","item":"https:\/\/gattiengenharia.com.br\/site\/"},{"@type":"ListItem","position":2,"name":"Empreendimentos &#8211; Flex"}]},{"@type":"WebSite","@id":"https:\/\/gattiengenharia.com.br\/site\/#website","url":"https:\/\/gattiengenharia.com.br\/site\/","name":"Gatti Engenharia","description":"INCORPORA\u00c7\u00c3O | GEST\u00c3O | CONSTRU\u00c7\u00c3O - Especialista em condom\u00ednios e galp\u00f5es log\u00edsticos, industriais e comerciais.","publisher":{"@id":"https:\/\/gattiengenharia.com.br\/site\/#organization"},"potentialAction":[{"@type":"SearchAction","target":{"@type":"EntryPoint","urlTemplate":"https:\/\/gattiengenharia.com.br\/site\/?s={search_term_string}"},"query-input":{"@type":"PropertyValueSpecification","valueRequired":true,"valueName":"search_term_string"}}],"inLanguage":"pt-BR"},{"@type":"Organization","@id":"https:\/\/gattiengenharia.com.br\/site\/#organization","name":"Gatti Engenharia","url":"https:\/\/gattiengenharia.com.br\/site\/","logo":{"@type":"ImageObject","inLanguage":"pt-BR","@id":"https:\/\/gattiengenharia.com.br\/site\/#\/schema\/logo\/image\/","url":"https:\/\/gattiengenharia.com.br\/site\/wp-content\/uploads\/2021\/06\/logo_gatti-300x117-1.png","contentUrl":"https:\/\/gattiengenharia.com.br\/site\/wp-content\/uploads\/2021\/06\/logo_gatti-300x117-1.png","width":300,"height":117,"caption":"Gatti Engenharia"},"image":{"@id":"https:\/\/gattiengenharia.com.br\/site\/#\/schema\/logo\/image\/"},"sameAs":["https:\/\/www.instagram.com\/gatti.engenharia\/","https:\/\/www.linkedin.com\/company\/gatti-engenharia\/"]}]}},"jetpack_sharing_enabled":true,"_links":{"self":[{"href":"https:\/\/gattiengenharia.com.br\/site\/wp-json\/wp\/v2\/pages\/32648","targetHints":{"allow":["GET"]}}],"collection":[{"href":"https:\/\/gattiengenharia.com.br\/site\/wp-json\/wp\/v2\/pages"}],"about":[{"href":"https:\/\/gattiengenharia.com.br\/site\/wp-json\/wp\/v2\/types\/page"}],"author":[{"embeddable":true,"href":"https:\/\/gattiengenharia.com.br\/site\/wp-json\/wp\/v2\/users\/1"}],"replies":[{"embeddable":true,"href":"https:\/\/gattiengenharia.com.br\/site\/wp-json\/wp\/v2\/comments?post=32648"}],"version-history":[{"count":33,"href":"https:\/\/gattiengenharia.com.br\/site\/wp-json\/wp\/v2\/pages\/32648\/revisions"}],"predecessor-version":[{"id":35445,"href":"https:\/\/gattiengenharia.com.br\/site\/wp-json\/wp\/v2\/pages\/32648\/revisions\/35445"}],"wp:attachment":[{"href":"https:\/\/gattiengenharia.com.br\/site\/wp-json\/wp\/v2\/media?parent=32648"}],"curies":[{"name":"wp","href":"https:\/\/api.w.org\/{rel}","templated":true}]}}