{"id":18068,"date":"2021-06-15T16:47:03","date_gmt":"2021-06-15T19:47:03","guid":{"rendered":"https:\/\/localhost\/the7\/?page_id=18068"},"modified":"2022-07-05T17:53:11","modified_gmt":"2022-07-05T20:53:11","slug":"contato","status":"publish","type":"page","link":"https:\/\/gattiengenharia.com.br\/site\/contato\/","title":{"rendered":"Contato"},"content":{"rendered":"\t\t<div data-elementor-type=\"wp-page\" data-elementor-id=\"18068\" class=\"elementor elementor-18068\" data-elementor-post-type=\"page\">\n\t\t\t\t\t\t<section class=\"elementor-section elementor-top-section elementor-element elementor-element-95770fc elementor-section-stretched elementor-section-boxed elementor-section-height-default elementor-section-height-default\" data-id=\"95770fc\" data-element_type=\"section\" data-e-type=\"section\" data-settings=\"{&quot;stretch_section&quot;:&quot;section-stretched&quot;,&quot;background_background&quot;:&quot;classic&quot;}\">\n\t\t\t\t\t\t\t<div class=\"elementor-background-overlay\"><\/div>\n\t\t\t\t\t\t\t<div class=\"elementor-container elementor-column-gap-wider\">\n\t\t\t\t\t<div class=\"elementor-column elementor-col-100 elementor-top-column elementor-element elementor-element-db92768\" data-id=\"db92768\" data-element_type=\"column\" data-e-type=\"column\" data-settings=\"{&quot;background_background&quot;:&quot;classic&quot;}\">\n\t\t\t<div class=\"elementor-widget-wrap elementor-element-populated\">\n\t\t\t\t\t\t<section class=\"elementor-section elementor-inner-section elementor-element elementor-element-8222bf9 elementor-section-boxed elementor-section-height-default elementor-section-height-default\" data-id=\"8222bf9\" data-element_type=\"section\" data-e-type=\"section\" data-settings=\"{&quot;background_background&quot;:&quot;classic&quot;}\">\n\t\t\t\t\t\t<div class=\"elementor-container elementor-column-gap-wider\">\n\t\t\t\t\t<div class=\"elementor-column elementor-col-50 elementor-inner-column elementor-element elementor-element-3dd6e0b\" data-id=\"3dd6e0b\" data-element_type=\"column\" data-e-type=\"column\">\n\t\t\t<div class=\"elementor-widget-wrap elementor-element-populated\">\n\t\t\t\t\t\t<div class=\"elementor-element elementor-element-f345218 elementor-widget elementor-widget-image\" data-id=\"f345218\" data-element_type=\"widget\" data-e-type=\"widget\" data-widget_type=\"image.default\">\n\t\t\t\t<div class=\"elementor-widget-container\">\n\t\t\t\t\t\t\t\t\t\t\t\t\t\t\t<img data-recalc-dims=\"1\" decoding=\"async\" data-attachment-id=\"33096\" data-permalink=\"https:\/\/gattiengenharia.com.br\/site\/logo\/\" data-orig-file=\"https:\/\/gattiengenharia.com.br\/site\/wp-content\/uploads\/2021\/06\/logo.png\" data-orig-size=\"310,121\" data-comments-opened=\"1\" data-image-meta=\"{&quot;aperture&quot;:&quot;0&quot;,&quot;credit&quot;:&quot;&quot;,&quot;camera&quot;:&quot;&quot;,&quot;caption&quot;:&quot;&quot;,&quot;created_timestamp&quot;:&quot;0&quot;,&quot;copyright&quot;:&quot;&quot;,&quot;focal_length&quot;:&quot;0&quot;,&quot;iso&quot;:&quot;0&quot;,&quot;shutter_speed&quot;:&quot;0&quot;,&quot;title&quot;:&quot;&quot;,&quot;orientation&quot;:&quot;0&quot;}\" data-image-title=\"logo\" data-image-description=\"\" data-image-caption=\"\" data-medium-file=\"https:\/\/gattiengenharia.com.br\/site\/wp-content\/uploads\/2021\/06\/logo-300x117.png\" data-large-file=\"https:\/\/gattiengenharia.com.br\/site\/wp-content\/uploads\/2021\/06\/logo.png\" width=\"310\" height=\"121\" src=\"https:\/\/i0.wp.com\/gattiengenharia.com.br\/site\/wp-content\/uploads\/2021\/06\/logo.png?resize=310%2C121&#038;ssl=1\" class=\"attachment-large size-large wp-image-33096\" alt=\"\" srcset=\"https:\/\/i0.wp.com\/gattiengenharia.com.br\/site\/wp-content\/uploads\/2021\/06\/logo.png?w=310&amp;ssl=1 310w, https:\/\/i0.wp.com\/gattiengenharia.com.br\/site\/wp-content\/uploads\/2021\/06\/logo.png?resize=300%2C117&amp;ssl=1 300w\" sizes=\"(max-width: 310px) 100vw, 310px\" data-attachment-id=\"33096\" data-permalink=\"https:\/\/gattiengenharia.com.br\/site\/logo\/\" data-orig-file=\"https:\/\/gattiengenharia.com.br\/site\/wp-content\/uploads\/2021\/06\/logo.png\" data-orig-size=\"310,121\" data-comments-opened=\"1\" data-image-meta=\"{&quot;aperture&quot;:&quot;0&quot;,&quot;credit&quot;:&quot;&quot;,&quot;camera&quot;:&quot;&quot;,&quot;caption&quot;:&quot;&quot;,&quot;created_timestamp&quot;:&quot;0&quot;,&quot;copyright&quot;:&quot;&quot;,&quot;focal_length&quot;:&quot;0&quot;,&quot;iso&quot;:&quot;0&quot;,&quot;shutter_speed&quot;:&quot;0&quot;,&quot;title&quot;:&quot;&quot;,&quot;orientation&quot;:&quot;0&quot;}\" data-image-title=\"logo\" data-image-description=\"\" data-image-caption=\"\" data-medium-file=\"https:\/\/gattiengenharia.com.br\/site\/wp-content\/uploads\/2021\/06\/logo-300x117.png\" data-large-file=\"https:\/\/gattiengenharia.com.br\/site\/wp-content\/uploads\/2021\/06\/logo.png\" \/>\t\t\t\t\t\t\t\t\t\t\t\t\t\t\t<\/div>\n\t\t\t\t<\/div>\n\t\t\t\t\t<\/div>\n\t\t<\/div>\n\t\t\t\t<div class=\"elementor-column elementor-col-50 elementor-inner-column elementor-element elementor-element-5066321\" data-id=\"5066321\" data-element_type=\"column\" data-e-type=\"column\">\n\t\t\t<div class=\"elementor-widget-wrap elementor-element-populated\">\n\t\t\t\t\t\t<div class=\"elementor-element elementor-element-10077b8 elementor-widget elementor-widget-heading\" data-id=\"10077b8\" data-element_type=\"widget\" data-e-type=\"widget\" data-widget_type=\"heading.default\">\n\t\t\t\t<div class=\"elementor-widget-container\">\n\t\t\t\t\t<h2 class=\"elementor-heading-title elementor-size-default\">Contatos<\/h2>\t\t\t\t<\/div>\n\t\t\t\t<\/div>\n\t\t\t\t<div class=\"elementor-element elementor-element-ca41174 elementor-widget-divider--view-line elementor-widget elementor-widget-divider\" data-id=\"ca41174\" data-element_type=\"widget\" data-e-type=\"widget\" data-widget_type=\"divider.default\">\n\t\t\t\t<div class=\"elementor-widget-container\">\n\t\t\t\t\t\t\t<div class=\"elementor-divider\">\n\t\t\t<span class=\"elementor-divider-separator\">\n\t\t\t\t\t\t<\/span>\n\t\t<\/div>\n\t\t\t\t\t\t<\/div>\n\t\t\t\t<\/div>\n\t\t\t\t<div class=\"elementor-element elementor-element-91882d4 elementor-widget elementor-widget-text-editor\" data-id=\"91882d4\" data-element_type=\"widget\" data-e-type=\"widget\" data-widget_type=\"text-editor.default\">\n\t\t\t\t<div class=\"elementor-widget-container\">\n\t\t\t\t\t\t\t\t\t<h5>Estamos ansiosos para iniciar um projeto com voc\u00ea. Entre em contato e vamos conversar!<\/h5>\t\t\t\t\t\t\t\t<\/div>\n\t\t\t\t<\/div>\n\t\t\t\t<div class=\"elementor-element elementor-element-529b5ae elementor-position-inline-start elementor-view-stacked elementor-shape-square elementor-mobile-position-block-start elementor-widget elementor-widget-icon-box\" data-id=\"529b5ae\" data-element_type=\"widget\" data-e-type=\"widget\" data-widget_type=\"icon-box.default\">\n\t\t\t\t<div class=\"elementor-widget-container\">\n\t\t\t\t\t\t\t<div class=\"elementor-icon-box-wrapper\">\n\n\t\t\t\t\t\t<div class=\"elementor-icon-box-icon\">\n\t\t\t\t<span  class=\"elementor-icon\">\n\t\t\t\t<i aria-hidden=\"true\" class=\" icomoon-the7-font-the7-map-02\"><\/i>\t\t\t\t<\/span>\n\t\t\t<\/div>\n\t\t\t\n\t\t\t\t\t\t<div class=\"elementor-icon-box-content\">\n\n\t\t\t\t\t\t\t\t\t<h3 class=\"elementor-icon-box-title\">\n\t\t\t\t\t\t<span  >\n\t\t\t\t\t\t\tOnde estamos\t\t\t\t\t\t<\/span>\n\t\t\t\t\t<\/h3>\n\t\t\t\t\n\t\t\t\t\t\t\t\t\t<p class=\"elementor-icon-box-description\">\n\t\t\t\t\t\tRod. Stael Mary Bicalho Motta Magalh\u00e3es, 385 - Sala 712 \u2013 Belvedere - Belo Horizonte\/MG\t\t\t\t\t<\/p>\n\t\t\t\t\n\t\t\t<\/div>\n\t\t\t\n\t\t<\/div>\n\t\t\t\t\t\t<\/div>\n\t\t\t\t<\/div>\n\t\t\t\t<div class=\"elementor-element elementor-element-38d7621 elementor-position-inline-start elementor-view-stacked elementor-shape-square elementor-mobile-position-block-start elementor-widget elementor-widget-icon-box\" data-id=\"38d7621\" data-element_type=\"widget\" data-e-type=\"widget\" data-widget_type=\"icon-box.default\">\n\t\t\t\t<div class=\"elementor-widget-container\">\n\t\t\t\t\t\t\t<div class=\"elementor-icon-box-wrapper\">\n\n\t\t\t\t\t\t<div class=\"elementor-icon-box-icon\">\n\t\t\t\t<span  class=\"elementor-icon\">\n\t\t\t\t<i aria-hidden=\"true\" class=\" icomoon-the7-font-the7-phone-06\"><\/i>\t\t\t\t<\/span>\n\t\t\t<\/div>\n\t\t\t\n\t\t\t\t\t\t<div class=\"elementor-icon-box-content\">\n\n\t\t\t\t\t\t\t\t\t<h3 class=\"elementor-icon-box-title\">\n\t\t\t\t\t\t<span  >\n\t\t\t\t\t\t\tTelefone\t\t\t\t\t\t<\/span>\n\t\t\t\t\t<\/h3>\n\t\t\t\t\n\t\t\t\t\t\t\t\t\t<p class=\"elementor-icon-box-description\">\n\t\t\t\t\t\t+55 31 3292-3433\t\t\t\t\t<\/p>\n\t\t\t\t\n\t\t\t<\/div>\n\t\t\t\n\t\t<\/div>\n\t\t\t\t\t\t<\/div>\n\t\t\t\t<\/div>\n\t\t\t\t<div class=\"elementor-element elementor-element-fa2c211 elementor-position-inline-start elementor-view-stacked elementor-shape-square elementor-mobile-position-block-start elementor-widget elementor-widget-icon-box\" data-id=\"fa2c211\" data-element_type=\"widget\" data-e-type=\"widget\" data-widget_type=\"icon-box.default\">\n\t\t\t\t<div class=\"elementor-widget-container\">\n\t\t\t\t\t\t\t<div class=\"elementor-icon-box-wrapper\">\n\n\t\t\t\t\t\t<div class=\"elementor-icon-box-icon\">\n\t\t\t\t<span  class=\"elementor-icon\">\n\t\t\t\t<i aria-hidden=\"true\" class=\" icomoon-the7-font-the7-mail-02\"><\/i>\t\t\t\t<\/span>\n\t\t\t<\/div>\n\t\t\t\n\t\t\t\t\t\t<div class=\"elementor-icon-box-content\">\n\n\t\t\t\t\t\t\t\t\t<h3 class=\"elementor-icon-box-title\">\n\t\t\t\t\t\t<span  >\n\t\t\t\t\t\t\tE-mail:\t\t\t\t\t\t<\/span>\n\t\t\t\t\t<\/h3>\n\t\t\t\t\n\t\t\t\t\t\t\t\t\t<p class=\"elementor-icon-box-description\">\n\t\t\t\t\t\tcontato@gattiengenharia.com.br\t\t\t\t\t<\/p>\n\t\t\t\t\n\t\t\t<\/div>\n\t\t\t\n\t\t<\/div>\n\t\t\t\t\t\t<\/div>\n\t\t\t\t<\/div>\n\t\t\t\t<div class=\"elementor-element elementor-element-4d323d0 elementor-shape-circle elementor-grid-0 e-grid-align-center elementor-widget elementor-widget-social-icons\" data-id=\"4d323d0\" data-element_type=\"widget\" data-e-type=\"widget\" data-widget_type=\"social-icons.default\">\n\t\t\t\t<div class=\"elementor-widget-container\">\n\t\t\t\t\t\t\t<div class=\"elementor-social-icons-wrapper elementor-grid\" role=\"list\">\n\t\t\t\t\t\t\t<span class=\"elementor-grid-item\" role=\"listitem\">\n\t\t\t\t\t<a class=\"elementor-icon elementor-social-icon elementor-social-icon-linkedin elementor-animation-shrink elementor-repeater-item-52150e0\" href=\"https:\/\/www.linkedin.com\/company\/gatti-engenharia\/\" target=\"_blank\">\n\t\t\t\t\t\t<span class=\"elementor-screen-only\">Linkedin<\/span>\n\t\t\t\t\t\t<i aria-hidden=\"true\" class=\"fab fa-linkedin\"><\/i>\t\t\t\t\t<\/a>\n\t\t\t\t<\/span>\n\t\t\t\t\t\t\t<span class=\"elementor-grid-item\" role=\"listitem\">\n\t\t\t\t\t<a class=\"elementor-icon elementor-social-icon elementor-social-icon-instagram elementor-animation-shrink elementor-repeater-item-996cc70\" href=\"https:\/\/www.instagram.com\/gatti.engenharia\/\" target=\"_blank\">\n\t\t\t\t\t\t<span class=\"elementor-screen-only\">Instagram<\/span>\n\t\t\t\t\t\t<i aria-hidden=\"true\" class=\"fab fa-instagram\"><\/i>\t\t\t\t\t<\/a>\n\t\t\t\t<\/span>\n\t\t\t\t\t<\/div>\n\t\t\t\t\t\t<\/div>\n\t\t\t\t<\/div>\n\t\t\t\t\t<\/div>\n\t\t<\/div>\n\t\t\t\t\t<\/div>\n\t\t<\/section>\n\t\t\t\t\t<\/div>\n\t\t<\/div>\n\t\t\t\t\t<\/div>\n\t\t<\/section>\n\t\t\t\t<\/div>\n\t\t","protected":false},"excerpt":{"rendered":"<p>Contatos Estamos ansiosos para iniciar um projeto com voc\u00ea. Entre em contato e vamos conversar! Onde estamos Rod. Stael Mary Bicalho Motta Magalh\u00e3es, 385 &#8211; Sala 712 \u2013 Belvedere &#8211; Belo Horizonte\/MG Telefone +55 31 3292-3433 E-mail: contato@gattiengenharia.com.br Linkedin Instagram<\/p>\n","protected":false},"author":1,"featured_media":0,"parent":0,"menu_order":0,"comment_status":"closed","ping_status":"closed","template":"template-microsite.php","meta":{"footnotes":""},"class_list":["post-18068","page","type-page","status-publish","hentry"],"yoast_head":"<!-- This site is optimized with the Yoast SEO plugin v27.2 - https:\/\/yoast.com\/product\/yoast-seo-wordpress\/ -->\n<title>Contato &#187; Gatti Engenharia<\/title>\n<meta name=\"description\" content=\"Especialista em condom\u00ednios e galp\u00f5es log\u00edsticos, industriais e comerciais.\" \/>\n<meta name=\"robots\" content=\"index, follow, max-snippet:-1, max-image-preview:large, max-video-preview:-1\" \/>\n<link rel=\"canonical\" href=\"https:\/\/gattiengenharia.com.br\/site\/contato\/\" \/>\n<meta property=\"og:locale\" content=\"pt_BR\" \/>\n<meta property=\"og:type\" content=\"article\" \/>\n<meta property=\"og:title\" content=\"Contato &#187; Gatti Engenharia\" \/>\n<meta property=\"og:description\" content=\"Especialista em condom\u00ednios e galp\u00f5es log\u00edsticos, industriais e comerciais.\" \/>\n<meta property=\"og:url\" content=\"https:\/\/gattiengenharia.com.br\/site\/contato\/\" \/>\n<meta property=\"og:site_name\" content=\"Gatti Engenharia\" \/>\n<meta property=\"article:modified_time\" content=\"2022-07-05T20:53:11+00:00\" \/>\n<meta property=\"og:image\" content=\"https:\/\/gattiengenharia.com.br\/site\/wp-content\/uploads\/2021\/06\/logo.png\" \/>\n<meta name=\"twitter:card\" content=\"summary_large_image\" \/>\n<meta name=\"twitter:label1\" content=\"Est. tempo de leitura\" \/>\n\t<meta name=\"twitter:data1\" content=\"1 minuto\" \/>\n<script type=\"application\/ld+json\" class=\"yoast-schema-graph\">{\"@context\":\"https:\/\/schema.org\",\"@graph\":[{\"@type\":\"WebPage\",\"@id\":\"https:\/\/gattiengenharia.com.br\/site\/contato\/\",\"url\":\"https:\/\/gattiengenharia.com.br\/site\/contato\/\",\"name\":\"Contato &#187; Gatti Engenharia\",\"isPartOf\":{\"@id\":\"https:\/\/gattiengenharia.com.br\/site\/#website\"},\"primaryImageOfPage\":{\"@id\":\"https:\/\/gattiengenharia.com.br\/site\/contato\/#primaryimage\"},\"image\":{\"@id\":\"https:\/\/gattiengenharia.com.br\/site\/contato\/#primaryimage\"},\"thumbnailUrl\":\"https:\/\/gattiengenharia.com.br\/site\/wp-content\/uploads\/2021\/06\/logo.png\",\"datePublished\":\"2021-06-15T19:47:03+00:00\",\"dateModified\":\"2022-07-05T20:53:11+00:00\",\"description\":\"Especialista em condom\u00ednios e galp\u00f5es log\u00edsticos, industriais e comerciais.\",\"breadcrumb\":{\"@id\":\"https:\/\/gattiengenharia.com.br\/site\/contato\/#breadcrumb\"},\"inLanguage\":\"pt-BR\",\"potentialAction\":[{\"@type\":\"ReadAction\",\"target\":[\"https:\/\/gattiengenharia.com.br\/site\/contato\/\"]}]},{\"@type\":\"ImageObject\",\"inLanguage\":\"pt-BR\",\"@id\":\"https:\/\/gattiengenharia.com.br\/site\/contato\/#primaryimage\",\"url\":\"https:\/\/gattiengenharia.com.br\/site\/wp-content\/uploads\/2021\/06\/logo.png\",\"contentUrl\":\"https:\/\/gattiengenharia.com.br\/site\/wp-content\/uploads\/2021\/06\/logo.png\",\"width\":310,\"height\":121},{\"@type\":\"BreadcrumbList\",\"@id\":\"https:\/\/gattiengenharia.com.br\/site\/contato\/#breadcrumb\",\"itemListElement\":[{\"@type\":\"ListItem\",\"position\":1,\"name\":\"In\u00edcio\",\"item\":\"https:\/\/gattiengenharia.com.br\/site\/\"},{\"@type\":\"ListItem\",\"position\":2,\"name\":\"Contato\"}]},{\"@type\":\"WebSite\",\"@id\":\"https:\/\/gattiengenharia.com.br\/site\/#website\",\"url\":\"https:\/\/gattiengenharia.com.br\/site\/\",\"name\":\"Gatti Engenharia\",\"description\":\"INCORPORA\u00c7\u00c3O | GEST\u00c3O | CONSTRU\u00c7\u00c3O - Especialista em condom\u00ednios e galp\u00f5es log\u00edsticos, industriais e comerciais.\",\"publisher\":{\"@id\":\"https:\/\/gattiengenharia.com.br\/site\/#organization\"},\"potentialAction\":[{\"@type\":\"SearchAction\",\"target\":{\"@type\":\"EntryPoint\",\"urlTemplate\":\"https:\/\/gattiengenharia.com.br\/site\/?s={search_term_string}\"},\"query-input\":{\"@type\":\"PropertyValueSpecification\",\"valueRequired\":true,\"valueName\":\"search_term_string\"}}],\"inLanguage\":\"pt-BR\"},{\"@type\":\"Organization\",\"@id\":\"https:\/\/gattiengenharia.com.br\/site\/#organization\",\"name\":\"Gatti Engenharia\",\"url\":\"https:\/\/gattiengenharia.com.br\/site\/\",\"logo\":{\"@type\":\"ImageObject\",\"inLanguage\":\"pt-BR\",\"@id\":\"https:\/\/gattiengenharia.com.br\/site\/#\/schema\/logo\/image\/\",\"url\":\"https:\/\/gattiengenharia.com.br\/site\/wp-content\/uploads\/2021\/06\/logo_gatti-300x117-1.png\",\"contentUrl\":\"https:\/\/gattiengenharia.com.br\/site\/wp-content\/uploads\/2021\/06\/logo_gatti-300x117-1.png\",\"width\":300,\"height\":117,\"caption\":\"Gatti Engenharia\"},\"image\":{\"@id\":\"https:\/\/gattiengenharia.com.br\/site\/#\/schema\/logo\/image\/\"},\"sameAs\":[\"https:\/\/www.instagram.com\/gatti.engenharia\/\",\"https:\/\/www.linkedin.com\/company\/gatti-engenharia\/\"]}]}<\/script>\n<!-- \/ Yoast SEO plugin. -->","yoast_head_json":{"title":"Contato &#187; Gatti Engenharia","description":"Especialista em condom\u00ednios e galp\u00f5es log\u00edsticos, industriais e comerciais.","robots":{"index":"index","follow":"follow","max-snippet":"max-snippet:-1","max-image-preview":"max-image-preview:large","max-video-preview":"max-video-preview:-1"},"canonical":"https:\/\/gattiengenharia.com.br\/site\/contato\/","og_locale":"pt_BR","og_type":"article","og_title":"Contato &#187; Gatti Engenharia","og_description":"Especialista em condom\u00ednios e galp\u00f5es log\u00edsticos, industriais e comerciais.","og_url":"https:\/\/gattiengenharia.com.br\/site\/contato\/","og_site_name":"Gatti Engenharia","article_modified_time":"2022-07-05T20:53:11+00:00","og_image":[{"url":"https:\/\/gattiengenharia.com.br\/site\/wp-content\/uploads\/2021\/06\/logo.png","type":"","width":"","height":""}],"twitter_card":"summary_large_image","twitter_misc":{"Est. tempo de leitura":"1 minuto"},"schema":{"@context":"https:\/\/schema.org","@graph":[{"@type":"WebPage","@id":"https:\/\/gattiengenharia.com.br\/site\/contato\/","url":"https:\/\/gattiengenharia.com.br\/site\/contato\/","name":"Contato &#187; Gatti Engenharia","isPartOf":{"@id":"https:\/\/gattiengenharia.com.br\/site\/#website"},"primaryImageOfPage":{"@id":"https:\/\/gattiengenharia.com.br\/site\/contato\/#primaryimage"},"image":{"@id":"https:\/\/gattiengenharia.com.br\/site\/contato\/#primaryimage"},"thumbnailUrl":"https:\/\/gattiengenharia.com.br\/site\/wp-content\/uploads\/2021\/06\/logo.png","datePublished":"2021-06-15T19:47:03+00:00","dateModified":"2022-07-05T20:53:11+00:00","description":"Especialista em condom\u00ednios e galp\u00f5es log\u00edsticos, industriais e comerciais.","breadcrumb":{"@id":"https:\/\/gattiengenharia.com.br\/site\/contato\/#breadcrumb"},"inLanguage":"pt-BR","potentialAction":[{"@type":"ReadAction","target":["https:\/\/gattiengenharia.com.br\/site\/contato\/"]}]},{"@type":"ImageObject","inLanguage":"pt-BR","@id":"https:\/\/gattiengenharia.com.br\/site\/contato\/#primaryimage","url":"https:\/\/gattiengenharia.com.br\/site\/wp-content\/uploads\/2021\/06\/logo.png","contentUrl":"https:\/\/gattiengenharia.com.br\/site\/wp-content\/uploads\/2021\/06\/logo.png","width":310,"height":121},{"@type":"BreadcrumbList","@id":"https:\/\/gattiengenharia.com.br\/site\/contato\/#breadcrumb","itemListElement":[{"@type":"ListItem","position":1,"name":"In\u00edcio","item":"https:\/\/gattiengenharia.com.br\/site\/"},{"@type":"ListItem","position":2,"name":"Contato"}]},{"@type":"WebSite","@id":"https:\/\/gattiengenharia.com.br\/site\/#website","url":"https:\/\/gattiengenharia.com.br\/site\/","name":"Gatti Engenharia","description":"INCORPORA\u00c7\u00c3O | GEST\u00c3O | CONSTRU\u00c7\u00c3O - Especialista em condom\u00ednios e galp\u00f5es log\u00edsticos, industriais e comerciais.","publisher":{"@id":"https:\/\/gattiengenharia.com.br\/site\/#organization"},"potentialAction":[{"@type":"SearchAction","target":{"@type":"EntryPoint","urlTemplate":"https:\/\/gattiengenharia.com.br\/site\/?s={search_term_string}"},"query-input":{"@type":"PropertyValueSpecification","valueRequired":true,"valueName":"search_term_string"}}],"inLanguage":"pt-BR"},{"@type":"Organization","@id":"https:\/\/gattiengenharia.com.br\/site\/#organization","name":"Gatti Engenharia","url":"https:\/\/gattiengenharia.com.br\/site\/","logo":{"@type":"ImageObject","inLanguage":"pt-BR","@id":"https:\/\/gattiengenharia.com.br\/site\/#\/schema\/logo\/image\/","url":"https:\/\/gattiengenharia.com.br\/site\/wp-content\/uploads\/2021\/06\/logo_gatti-300x117-1.png","contentUrl":"https:\/\/gattiengenharia.com.br\/site\/wp-content\/uploads\/2021\/06\/logo_gatti-300x117-1.png","width":300,"height":117,"caption":"Gatti Engenharia"},"image":{"@id":"https:\/\/gattiengenharia.com.br\/site\/#\/schema\/logo\/image\/"},"sameAs":["https:\/\/www.instagram.com\/gatti.engenharia\/","https:\/\/www.linkedin.com\/company\/gatti-engenharia\/"]}]}},"jetpack_sharing_enabled":true,"_links":{"self":[{"href":"https:\/\/gattiengenharia.com.br\/site\/wp-json\/wp\/v2\/pages\/18068","targetHints":{"allow":["GET"]}}],"collection":[{"href":"https:\/\/gattiengenharia.com.br\/site\/wp-json\/wp\/v2\/pages"}],"about":[{"href":"https:\/\/gattiengenharia.com.br\/site\/wp-json\/wp\/v2\/types\/page"}],"author":[{"embeddable":true,"href":"https:\/\/gattiengenharia.com.br\/site\/wp-json\/wp\/v2\/users\/1"}],"replies":[{"embeddable":true,"href":"https:\/\/gattiengenharia.com.br\/site\/wp-json\/wp\/v2\/comments?post=18068"}],"version-history":[{"count":48,"href":"https:\/\/gattiengenharia.com.br\/site\/wp-json\/wp\/v2\/pages\/18068\/revisions"}],"predecessor-version":[{"id":34794,"href":"https:\/\/gattiengenharia.com.br\/site\/wp-json\/wp\/v2\/pages\/18068\/revisions\/34794"}],"wp:attachment":[{"href":"https:\/\/gattiengenharia.com.br\/site\/wp-json\/wp\/v2\/media?parent=18068"}],"curies":[{"name":"wp","href":"https:\/\/api.w.org\/{rel}","templated":true}]}}